{"id":240232,"date":"2019-07-02T15:10:22","date_gmt":"2019-07-02T15:10:22","guid":{"rendered":"https:\/\/stage.fincasolmark.com\/wpfs\/wp\/carratraca-a-hidden-haven-of-relaxation-and-wellbeing\/"},"modified":"2023-01-03T10:08:44","modified_gmt":"2023-01-03T09:08:44","slug":"carratraca-a-hidden-haven-of-relaxation-and-wellbeing","status":"publish","type":"page","link":"https:\/\/stage.fincasolmark.com\/en\/carratraca-a-hidden-haven-of-relaxation-and-wellbeing\/","title":{"rendered":"CARRATRACA: A Hidden Haven of Relaxation and Wellbeing"},"content":{"rendered":"<p>[et_pb_section fb_built=&#8221;1&#8243; admin_label=&#8221;section&#8221; _builder_version=&#8221;4.16&#8243; background_image=&#8221;https:\/\/stage.fincasolmark.com\/wp-content\/uploads\/2019\/05\/finca_solmark_carratraca.jpg&#8221; transparent_background=&#8221;off&#8221; make_fullwidth=&#8221;off&#8221; use_custom_width=&#8221;off&#8221; width_unit=&#8221;on&#8221; global_colors_info=&#8221;{}&#8221;][et_pb_row custom_padding_last_edited=&#8221;on|phone&#8221; admin_label=&#8221;row&#8221; _builder_version=&#8221;4.16&#8243; background_color_gradient_direction=&#8221;360deg&#8221; background_blend=&#8221;soft-light&#8221; custom_padding=&#8221;10vw||11vw|||&#8221; custom_padding_tablet=&#8221;100px||100px|&#8221; custom_padding_phone=&#8221;80px||80px|&#8221; global_colors_info=&#8221;{}&#8221;][et_pb_column type=&#8221;4_4&#8243; _builder_version=&#8221;4.16&#8243; background_position=&#8221;top_left&#8221; custom_padding=&#8221;|||&#8221; global_colors_info=&#8221;{}&#8221; custom_padding__hover=&#8221;|||&#8221;][et_pb_text _builder_version=&#8221;4.16&#8243; text_font=&#8221;Libre Franklin||||||||&#8221; text_text_color=&#8221;#ffffff&#8221; header_font=&#8221;||||||||&#8221; header_font_size=&#8221;40px&#8221; background_color=&#8221;rgba(0,0,0,0.36)&#8221; background_layout=&#8221;dark&#8221; header_font_size_tablet=&#8221;26px&#8221; header_font_size_phone=&#8221;18px&#8221; header_font_size_last_edited=&#8221;on|phone&#8221; global_colors_info=&#8221;{}&#8221;]<\/p>\n<h1 style=\"text-align: center;\">CARRATRACA<\/h1>\n<h1 style=\"text-align: center;\">A Hidden Haven of Relaxation and Wellbeing<\/h1>\n<p>[\/et_pb_text][\/et_pb_column][\/et_pb_row][\/et_pb_section][et_pb_section fb_built=&#8221;1&#8243; _builder_version=&#8221;4.16&#8243; custom_padding=&#8221;0px||2px|||&#8221; global_colors_info=&#8221;{}&#8221;][et_pb_row _builder_version=&#8221;4.16&#8243; custom_padding=&#8221;65px|||||&#8221; global_colors_info=&#8221;{}&#8221;][et_pb_column type=&#8221;4_4&#8243; _builder_version=&#8221;4.16&#8243; custom_padding=&#8221;|||&#8221; global_colors_info=&#8221;{}&#8221; custom_padding__hover=&#8221;|||&#8221;][et_pb_text _builder_version=&#8221;4.16&#8243; text_font=&#8221;||||||||&#8221; text_font_size=&#8221;18px&#8221; min_height=&#8221;429px&#8221; text_font_size_tablet=&#8221;16px&#8221; text_font_size_phone=&#8221;13px&#8221; text_font_size_last_edited=&#8221;on|phone&#8221; global_colors_info=&#8221;{}&#8221;]<strong>Finca Solmark<\/strong>\u00a0is located in <strong>Carratraca<\/strong>, a municipality in the province of M\u00e1laga, in southern Spain, found among the most northeasterly foothills of the mountainous Serran\u00eda de Ronda region. Its name comes from the Arabic term\u00a0<strong>\u201cKarr-al-krak\u201d,<\/strong>\u00a0which means\u00a0<strong>\u201ccleansing of scourges\u201d.<\/strong>\u00a0It is one of the northernmost gateways into the Valle del Guadalhorce region and also borders on the Antequera region, which is connected to via Ardales.<\/p>\n<p>Although there was also a settlement here in Spain\u2019s Islamic era, the current town dates to the nineteenth century. There you can find well-preserved <strong>historical sites and buildings <\/strong>which, despite their antiquity, can still be visited today and form part of <strong>the rich artistic and cultural heritage of M\u00e1laga province<\/strong>. But the most famous legacy left by the town\u2019s past is its\u00a0<strong>spa with its sulfur-rich waters<\/strong>,\u00a0which have countless therapeutic properties.<\/p>\n<p>We know that in 1725 there was only one house in this area, known by the name\u00a0<strong>\u201cCortijo de Aguas Hediondas\u201d (The Farmhouse of Foul-smelling Waters).\u00a0<\/strong>However, the bathtubs found near the course of the spring, the tombs and pieces of pottery discovered in various parts of the town and, above all, the remains of a wall, suggest that Carratracawas inhabited during the period of Roman rule.In that era, the soldiers bathed here to cure their battle wounds, due to the curative power of the waters, which are rich in sulfur, calcium and magnesium. But it was the Arabs who named this town, located in the foothills of the Sierra Blanquilla.<\/p>\n<p>Within its municipal boundaries, in a pit cave reaching over 130 feet below the ground, <strong>schematic paintings and archaeological remains belonging to the Eneolithic (or Copper) Age<\/strong> have been found. The presence of humans as far back as the prehistoric era is also demonstrated in the neighboring municipality of Ardales, where Do\u00f1a Trinidad Grund Cave is home to cave paintings of animals &#8211; goats, horses and deer &#8211; from the Upper Paleolithic Era (the Solutrean and Magdalenian ages: 18000 \u2013 14000 B.C.).[\/et_pb_text][\/et_pb_column][\/et_pb_row][\/et_pb_section][et_pb_section fb_built=&#8221;1&#8243; _builder_version=&#8221;4.16&#8243; background_color=&#8221;#969696&#8243; custom_padding=&#8221;4px||6px|||&#8221; box_shadow_style=&#8221;preset1&#8243; global_colors_info=&#8221;{}&#8221;][et_pb_row _builder_version=&#8221;4.16&#8243; global_colors_info=&#8221;{}&#8221;][et_pb_column type=&#8221;4_4&#8243; _builder_version=&#8221;4.16&#8243; custom_padding=&#8221;|||&#8221; global_colors_info=&#8221;{}&#8221; custom_padding__hover=&#8221;|||&#8221;][et_pb_text _builder_version=&#8221;4.16&#8243; text_font=&#8221;||||||||&#8221; text_text_color=&#8221;#ffffff&#8221; text_font_size=&#8221;20px&#8221; ul_font=&#8221;||||||||&#8221; text_orientation=&#8221;center&#8221; text_font_size_tablet=&#8221;17px&#8221; text_font_size_phone=&#8221;15px&#8221; text_font_size_last_edited=&#8221;on|phone&#8221; global_colors_info=&#8221;{}&#8221;]VISIT AN ANDALUSIA FEW HAVE DISCOVERED AND ENJOY A TRULY UNIQUE TRIP. ARE YOU READY TO TRY SOMETHING DIFFERENT AND DISCOVER THIS REGION\u2019S HIDDEN TREASURES WITH US?[\/et_pb_text][\/et_pb_column][\/et_pb_row][\/et_pb_section][et_pb_section fb_built=&#8221;1&#8243; _builder_version=&#8221;4.16&#8243; custom_padding=&#8221;||7px|||&#8221; global_colors_info=&#8221;{}&#8221;][et_pb_row column_structure=&#8221;1_2,1_2&#8243; _builder_version=&#8221;4.16&#8243; custom_padding=&#8221;10px|||||&#8221; global_colors_info=&#8221;{}&#8221;][et_pb_column type=&#8221;1_2&#8243; _builder_version=&#8221;4.16&#8243; custom_padding=&#8221;|||&#8221; global_colors_info=&#8221;{}&#8221; custom_padding__hover=&#8221;|||&#8221;][et_pb_cta button_url=&#8221;https:\/\/stage.fincasolmark.com\/es\/contacto\/&#8221; button_text=&#8221;I\u2019d like some advice&#8221; _builder_version=&#8221;4.16&#8243; header_font=&#8221;Libre Baskerville||||||||&#8221; header_font_size=&#8221;29px&#8221; body_font=&#8221;Libre Baskerville||||||||&#8221; body_font_size=&#8221;18px&#8221; use_background_color=&#8221;off&#8221; custom_button=&#8221;on&#8221; button_border_radius=&#8221;25px&#8221; button_font=&#8221;||||||||&#8221; background_layout=&#8221;light&#8221; custom_padding=&#8221;10%|5%||5%||&#8221; custom_padding_tablet=&#8221;0%||&#8221; custom_padding_phone=&#8221;&#8221; custom_padding_last_edited=&#8221;on|phone&#8221; header_font_size_tablet=&#8221;&#8221; header_font_size_phone=&#8221;22px&#8221; header_font_size_last_edited=&#8221;on|tablet&#8221; body_font_size_tablet=&#8221;16px&#8221; body_font_size_phone=&#8221;13px&#8221; body_font_size_last_edited=&#8221;on|phone&#8221; button_text_size_tablet=&#8221;16px&#8221; button_text_size_phone=&#8221;13px&#8221; button_text_size_last_edited=&#8221;on|phone&#8221; border_radii=&#8221;on|20px|20px|20px|20px&#8221; global_colors_info=&#8221;{}&#8221;]Tell us what kind of visit you\u2019d like and we\u2019ll help you decide which places and <span style=\"text-decoration: underline; color: #ff6600;\"><a style=\"color: #ad9a6b; text-decoration: underline;\" href=\"https:\/\/stage.fincasolmark.com\/en\/activities\/\">activities<\/a><\/span>\u00a0you really cannot miss.[\/et_pb_cta][\/et_pb_column][et_pb_column type=&#8221;1_2&#8243; _builder_version=&#8221;4.16&#8243; custom_padding=&#8221;|||&#8221; global_colors_info=&#8221;{}&#8221; custom_padding__hover=&#8221;|||&#8221;][et_pb_image src=&#8221;https:\/\/stage.fincasolmark.com\/wp-content\/uploads\/2019\/05\/finca_solmark_carratraca_visitas.jpg&#8221; _builder_version=&#8221;4.16&#8243; box_shadow_style=&#8221;preset1&#8243; global_colors_info=&#8221;{}&#8221;][\/et_pb_image][\/et_pb_column][\/et_pb_row][\/et_pb_section][et_pb_section fb_built=&#8221;1&#8243; _builder_version=&#8221;4.16&#8243; custom_margin=&#8221;||-9px|||&#8221; custom_padding=&#8221;||19px|||&#8221; global_colors_info=&#8221;{}&#8221;][et_pb_row _builder_version=&#8221;4.16&#8243; custom_padding=&#8221;3px||6px|||&#8221; global_colors_info=&#8221;{}&#8221;][et_pb_column type=&#8221;4_4&#8243; _builder_version=&#8221;4.16&#8243; custom_padding=&#8221;|||&#8221; global_colors_info=&#8221;{}&#8221; custom_padding__hover=&#8221;|||&#8221;][et_pb_divider _builder_version=&#8221;4.16&#8243; global_colors_info=&#8221;{}&#8221;][\/et_pb_divider][et_pb_text _builder_version=&#8221;4.16&#8243; text_font=&#8221;||||||||&#8221; text_text_color=&#8221;#879e78&#8243; text_font_size=&#8221;28px&#8221; text_line_height=&#8221;1.8em&#8221; header_font=&#8221;||||||||&#8221; header_2_font=&#8221;Libre Baskerville||||||||&#8221; header_2_text_color=&#8221;#ad9a6b&#8221; header_2_font_size=&#8221;28px&#8221; header_2_line_height=&#8221;1.2em&#8221; header_3_font=&#8221;||||||||&#8221; text_font_size_tablet=&#8221;16px&#8221; text_font_size_phone=&#8221;10px&#8221; text_font_size_last_edited=&#8221;on|phone&#8221; header_font_size_tablet=&#8221;26px&#8221; header_font_size_phone=&#8221;18px&#8221; header_font_size_last_edited=&#8221;on|phone&#8221; header_2_font_size_tablet=&#8221;18px&#8221; header_2_font_size_phone=&#8221;15px&#8221; header_2_font_size_last_edited=&#8221;on|phone&#8221; header_3_font_size_tablet=&#8221;16px&#8221; header_3_font_size_phone=&#8221;10px&#8221; header_3_font_size_last_edited=&#8221;on|desktop&#8221; global_colors_info=&#8221;{}&#8221;]<\/p>\n<h2 style=\"text-align: center;\"><strong>WHAT TO SEE IN CARRATRACA<\/strong><\/h2>\n<h3 style=\"text-align: center;\"><strong>Nature \u2013 Culture \u2013 Gastronomy \u2013 Sport \u2013 Golf \u2013 Health &amp; Wellbeing<\/strong><\/h3>\n<p style=\"text-align: center;\">\n<p>[\/et_pb_text][et_pb_divider _builder_version=&#8221;4.16&#8243; global_colors_info=&#8221;{}&#8221;][\/et_pb_divider][\/et_pb_column][\/et_pb_row][et_pb_row _builder_version=&#8221;4.16&#8243; global_colors_info=&#8221;{}&#8221;][et_pb_column type=&#8221;4_4&#8243; _builder_version=&#8221;4.16&#8243; custom_padding=&#8221;|||&#8221; global_colors_info=&#8221;{}&#8221; custom_padding__hover=&#8221;|||&#8221;][et_pb_text _builder_version=&#8221;4.16&#8243; text_font=&#8221;||||||||&#8221; text_font_size=&#8221;18px&#8221; text_font_size_tablet=&#8221;16px&#8221; text_font_size_phone=&#8221;13px&#8221; text_font_size_last_edited=&#8221;on|phone&#8221; global_colors_info=&#8221;{}&#8221;]There is an endless amount on offer for visitors to Carratraca. We also have a whole range of destinations nearby, such as\u00a0<em>Ardales, Casarabonela, \u00c1lora, Yunquera, Guaro, Co\u00edn, Antequera, Mijas, Co\u00edn, Ronda, Monda, C\u00e1rtama, Casabermeja, Pizarra, Oj\u00e9n, Fuente de Piedra, Marbella, M\u00e1laga, Torremolinos and Benalm\u00e1dena<\/em>, to name just a few, each of which will surprise and inspire in their own unique way.[\/et_pb_text][et_pb_text _builder_version=&#8221;4.19.4&#8243; text_font=&#8221;||||||||&#8221; text_font_size=&#8221;18px&#8221; hover_enabled=&#8221;0&#8243; text_font_size_tablet=&#8221;16px&#8221; text_font_size_phone=&#8221;13px&#8221; text_font_size_last_edited=&#8221;on|desktop&#8221; global_colors_info=&#8221;{}&#8221; sticky_enabled=&#8221;0&#8243;]You can find some of our recommendations below. We encourage you to write us before your visit and tell us what kind of trip you\u2019d like to have, so we can advise you about which places and activities might best suit your preferences. Don\u2019t forget, you can contact us by <strong>e-mail: lycklig@fincasolmark.com\u00a0<\/strong>or by using the <strong><u><a href=\"https:\/\/stage.fincasolmark.com\/en\/contact\/\">contact form<\/a><\/u>.<\/strong>[\/et_pb_text][\/et_pb_column][\/et_pb_row][\/et_pb_section][et_pb_section fb_built=&#8221;1&#8243; _builder_version=&#8221;4.16&#8243; custom_padding=&#8221;4px||9px|||&#8221; top_divider_color=&#8221;#000000&#8243; top_divider_height=&#8221;83px&#8221; bottom_divider_height=&#8221;73px&#8221; bottom_divider_arrangement=&#8221;above_content&#8221; global_colors_info=&#8221;{}&#8221;][et_pb_row column_structure=&#8221;1_2,1_2&#8243; _builder_version=&#8221;4.16&#8243; _module_preset=&#8221;default&#8221; global_colors_info=&#8221;{}&#8221;][et_pb_column type=&#8221;1_2&#8243; _builder_version=&#8221;4.16&#8243; _module_preset=&#8221;default&#8221; global_colors_info=&#8221;{}&#8221;][et_pb_image src=&#8221;https:\/\/stage.fincasolmark.com\/wp-content\/uploads\/2019\/05\/finca_solmark_carratraca_termas.jpg&#8221; title_text=&#8221;Thermas de Carratraca&#8221; _builder_version=&#8221;4.16&#8243; _module_preset=&#8221;default&#8221; global_colors_info=&#8221;{}&#8221;][\/et_pb_image][\/et_pb_column][et_pb_column type=&#8221;1_2&#8243; _builder_version=&#8221;4.16&#8243; _module_preset=&#8221;default&#8221; global_colors_info=&#8221;{}&#8221;][et_pb_text _builder_version=&#8221;4.16&#8243; _module_preset=&#8221;default&#8221; header_2_font=&#8221;Libre Baskerville||||||||&#8221; header_2_text_align=&#8221;center&#8221; global_colors_info=&#8221;{}&#8221;]Villa Padierna Thermas Hotel: a haven of health and wellbeing[\/et_pb_text][et_pb_text _builder_version=&#8221;4.16&#8243; _module_preset=&#8221;default&#8221; global_colors_info=&#8221;{}&#8221;]<strong>Finca Solmark <\/strong>is very close to the <strong>Villa Padierna Thermas de\u00a0Carrageen spa.<\/strong><\/p>\n<p>Experience the pleasure of Roman Baths with all the comforts of the 21st century and unwind in the sensory luxury of the<strong>Mineral-Medicinal Waters of the Thermal Spring Circuit<\/strong>: the only facility of its kind in the Costa del Sol.<\/p>\n<p>With over 19,000 square feet of medical wellness facilities, this is the perfect setting to\u00a0<strong>relax your body and mind.<\/strong>[\/et_pb_text][\/et_pb_column][\/et_pb_row][\/et_pb_section][et_pb_section fb_built=&#8221;1&#8243; disabled_on=&#8221;on|on|on&#8221; _builder_version=&#8221;4.16&#8243; custom_padding=&#8221;20px||4px|||&#8221; bottom_divider_flip=&#8221;vertical&#8221; disabled=&#8221;on&#8221; global_colors_info=&#8221;{}&#8221;][et_pb_row use_custom_gutter=&#8221;on&#8221; gutter_width=&#8221;1&#8243; make_equal=&#8221;on&#8221; _builder_version=&#8221;4.16&#8243; width=&#8221;90%&#8221; max_width=&#8221;90%&#8221; custom_padding=&#8221;27px||62px|||&#8221; global_colors_info=&#8221;{}&#8221;][et_pb_column type=&#8221;4_4&#8243; _builder_version=&#8221;4.16&#8243; custom_padding=&#8221;|||&#8221; global_colors_info=&#8221;{}&#8221; custom_padding__hover=&#8221;|||&#8221;][et_pb_row use_custom_gutter=&#8221;on&#8221; gutter_width=&#8221;1&#8243; make_equal=&#8221;on&#8221; _builder_version=&#8221;4.16&#8243; width=&#8221;90%&#8221; max_width=&#8221;90%&#8221; custom_padding=&#8221;27px||62px|||&#8221; global_colors_info=&#8221;{}&#8221;][\/et_pb_row][et_pb_column type=&#8221;4_4&#8243; _builder_version=&#8221;4.16&#8243; custom_padding=&#8221;|||&#8221; global_colors_info=&#8221;{}&#8221; custom_padding__hover=&#8221;|||&#8221;][\/et_pb_column][et_pb_gallery gallery_ids=&#8221;240029,240030,240031,240032,240033,240034,240035,240036,240037,240038,240039,240040&#8243; posts_number=&#8221;12&#8243; show_pagination=&#8221;off&#8221; hover_icon=&#8221;&#x55;||divi||400&#8243; module_class=&#8221;galeria-carratraca&#8221; _builder_version=&#8221;4.16&#8243; title_font=&#8221;Libre Baskerville||||||||&#8221; title_font_size=&#8221;16px&#8221; text_orientation=&#8221;center&#8221; title_font_size_tablet=&#8221;13px&#8221; title_font_size_phone=&#8221;8px&#8221; title_font_size_last_edited=&#8221;on|phone&#8221; global_colors_info=&#8221;{}&#8221; custom_css_overlay_icon__hover_enabled=&#8221;off&#8221;][\/et_pb_gallery][\/et_pb_column][\/et_pb_row][\/et_pb_section]<\/p>\n","protected":false},"excerpt":{"rendered":"<p>CARRATRACA A Hidden Haven of Relaxation and WellbeingFinca Solmark\u00a0is located in Carratraca, a municipality in the province of M\u00e1laga, in southern Spain, found among the most northeasterly foothills of the mountainous Serran\u00eda de Ronda region. Its name comes from the Arabic term\u00a0\u201cKarr-al-krak\u201d,\u00a0which means\u00a0\u201ccleansing of scourges\u201d.\u00a0It is one of the northernmost gateways into the Valle del [&hellip;]<\/p>\n","protected":false},"author":1,"featured_media":0,"parent":0,"menu_order":0,"comment_status":"closed","ping_status":"closed","template":"","meta":{"_et_pb_use_builder":"on","_et_pb_old_content":"","_et_gb_content_width":"","footnotes":""},"class_list":["post-240232","page","type-page","status-publish","hentry"],"_links":{"self":[{"href":"https:\/\/stage.fincasolmark.com\/en\/wp-json\/wp\/v2\/pages\/240232","targetHints":{"allow":["GET"]}}],"collection":[{"href":"https:\/\/stage.fincasolmark.com\/en\/wp-json\/wp\/v2\/pages"}],"about":[{"href":"https:\/\/stage.fincasolmark.com\/en\/wp-json\/wp\/v2\/types\/page"}],"author":[{"embeddable":true,"href":"https:\/\/stage.fincasolmark.com\/en\/wp-json\/wp\/v2\/users\/1"}],"replies":[{"embeddable":true,"href":"https:\/\/stage.fincasolmark.com\/en\/wp-json\/wp\/v2\/comments?post=240232"}],"version-history":[{"count":1,"href":"https:\/\/stage.fincasolmark.com\/en\/wp-json\/wp\/v2\/pages\/240232\/revisions"}],"predecessor-version":[{"id":295919,"href":"https:\/\/stage.fincasolmark.com\/en\/wp-json\/wp\/v2\/pages\/240232\/revisions\/295919"}],"wp:attachment":[{"href":"https:\/\/stage.fincasolmark.com\/en\/wp-json\/wp\/v2\/media?parent=240232"}],"curies":[{"name":"wp","href":"https:\/\/api.w.org\/{rel}","templated":true}]}}