{"id":120441,"date":"2019-04-22T12:29:55","date_gmt":"2019-04-22T12:29:55","guid":{"rendered":"https:\/\/stage.fincasolmark.com\/wpfs\/?page_id=120441"},"modified":"2021-07-26T11:38:28","modified_gmt":"2021-07-26T10:38:28","slug":"de-una-agricultura-convencional-a-una-agricultura-ecologica-y-sostenible","status":"publish","type":"page","link":"https:\/\/stage.fincasolmark.com\/es\/de-una-agricultura-convencional-a-una-agricultura-ecologica-y-sostenible\/","title":{"rendered":"De una agricultura convencional a una agricultura ecol\u00f3gica y sostenible"},"content":{"rendered":"<p>[et_pb_section fb_built=\u00bb1&#8243; admin_label=\u00bbsection\u00bb module_class=\u00bbhotel_header\u00bb _builder_version=\u00bb3.22.7&#8243; use_background_color_gradient=\u00bbon\u00bb background_color_gradient_start=\u00bb#08aeff\u00bb background_color_gradient_end=\u00bb#a809fb\u00bb background_color_gradient_direction=\u00bb360deg\u00bb background_image=\u00bbhttps:\/\/stage.fincasolmark.com\/wp-content\/uploads\/2019\/05\/finca_solmark_pack_apadrinamiento_olivo.jpg\u00bb parallax=\u00bbon\u00bb custom_padding=\u00bb76px|||||\u00bb hover_enabled=\u00bb0&#8243; transparent_background=\u00bboff\u00bb make_fullwidth=\u00bboff\u00bb use_custom_width=\u00bboff\u00bb width_unit=\u00bbon\u00bb sticky_enabled=\u00bb0&#8243;][et_pb_row custom_padding_last_edited=\u00bbon|phone\u00bb admin_label=\u00bbrow\u00bb _builder_version=\u00bb3.25&#8243; background_color_gradient_direction=\u00bb360deg\u00bb background_blend=\u00bbsoft-light\u00bb custom_padding=\u00bb11vw||12vw|||\u00bb custom_padding_tablet=\u00bb100px||100px|\u00bb custom_padding_phone=\u00bb80px||80px|\u00bb][et_pb_column type=\u00bb4_4&#8243; _builder_version=\u00bb3.25&#8243; background_position=\u00bbtop_left\u00bb custom_padding=\u00bb|||\u00bb hover_enabled=\u00bb0&#8243; custom_padding__hover=\u00bb|||\u00bb sticky_enabled=\u00bb0&#8243;][et_pb_cta admin_label=\u00bbLUXURY HOTEL &#038; RESORT\u00bb _builder_version=\u00bb4.9.4&#8243; header_level=\u00bbh1&#8243; header_font=\u00bb||||||||\u00bb header_font_size=\u00bb16px\u00bb header_letter_spacing=\u00bb3&#8243; body_font=\u00bb||||||||\u00bb body_text_align=\u00bbcenter\u00bb body_font_size=\u00bb30px\u00bb background_color=\u00bbrgba(0,0,0,0.4)\u00bb custom_button=\u00bbon\u00bb button_text_size=\u00bb11&#8243; button_text_color=\u00bb#ffffff\u00bb button_bg_color=\u00bbrgba(0,0,0,0)\u00bb button_border_color=\u00bb#ffffff\u00bb button_border_radius=\u00bb0&#8243; button_font=\u00bbRoboto|||on|\u00bb button_use_icon=\u00bboff\u00bb custom_padding=\u00bb28px||6px|||\u00bb hover_enabled=\u00bb0&#8243; header_letter_spacing_tablet=\u00bb\u00bb header_letter_spacing_phone=\u00bb1&#8243; header_letter_spacing_last_edited=\u00bbon|phone\u00bb body_font_size_tablet=\u00bb26px\u00bb body_font_size_phone=\u00bb15px\u00bb body_font_size_last_edited=\u00bbon|phone\u00bb custom_css_promo_description=\u00bb line-height: 130%;\u00bb custom_css_promo_title=\u00bbfont-weight: 300 !important;\u00bb border_style=\u00bbsolid\u00bb button_border_radius_hover=\u00bb0&#8243; button_letter_spacing_hover=\u00bb0&#8243; button_text_size__hover_enabled=\u00bboff\u00bb button_one_text_size__hover_enabled=\u00bboff\u00bb button_two_text_size__hover_enabled=\u00bboff\u00bb button_text_color__hover_enabled=\u00bboff\u00bb button_one_text_color__hover_enabled=\u00bboff\u00bb button_two_text_color__hover_enabled=\u00bboff\u00bb button_border_width__hover_enabled=\u00bboff\u00bb button_one_border_width__hover_enabled=\u00bboff\u00bb button_two_border_width__hover_enabled=\u00bboff\u00bb button_border_color__hover_enabled=\u00bboff\u00bb button_one_border_color__hover_enabled=\u00bboff\u00bb button_two_border_color__hover_enabled=\u00bboff\u00bb button_border_radius__hover_enabled=\u00bbon\u00bb button_border_radius__hover=\u00bb0&#8243; button_one_border_radius__hover_enabled=\u00bboff\u00bb button_two_border_radius__hover_enabled=\u00bboff\u00bb button_letter_spacing__hover_enabled=\u00bbon\u00bb button_letter_spacing__hover=\u00bb0&#8243; button_one_letter_spacing__hover_enabled=\u00bboff\u00bb button_two_letter_spacing__hover_enabled=\u00bboff\u00bb button_bg_color__hover_enabled=\u00bboff\u00bb button_one_bg_color__hover_enabled=\u00bboff\u00bb button_two_bg_color__hover_enabled=\u00bboff\u00bb sticky_enabled=\u00bb0&#8243;]<\/p>\n<h1><strong>DE UNA AGRICULTURA CONVENCIONAL <br \/>\nA LA AGRICULTURA ECOL\u00d3GICA Y SOSTENIBLE<\/strong><\/h1>\n<p>[\/et_pb_cta][\/et_pb_column][\/et_pb_row][\/et_pb_section][et_pb_section fb_built=\u00bb1&#8243; _builder_version=\u00bb3.22.7&#8243; background_color=\u00bb#969696&#8243; custom_margin=\u00bb-2px|||||\u00bb custom_padding=\u00bb4px||6px|||\u00bb box_shadow_style=\u00bbpreset1&#8243;][et_pb_row _builder_version=\u00bb3.25&#8243; min_height=\u00bb157px\u00bb custom_padding=\u00bb40px|||||\u00bb][et_pb_column type=\u00bb4_4&#8243; _builder_version=\u00bb3.25&#8243; custom_padding=\u00bb|||\u00bb custom_padding__hover=\u00bb|||\u00bb][et_pb_blurb use_icon=\u00bbon\u00bb font_icon=\u00bb%%91%%\u00bb icon_color=\u00bb#ffffff\u00bb content_max_width=\u00bb100%\u00bb use_icon_font_size=\u00bbon\u00bb icon_font_size=\u00bb38px\u00bb _builder_version=\u00bb3.23.3&#8243; body_font=\u00bb||on||||||\u00bb body_text_align=\u00bbcenter\u00bb body_text_color=\u00bb#ffffff\u00bb body_font_size=\u00bb20px\u00bb body_font_size_tablet=\u00bb17px\u00bb body_font_size_phone=\u00bb14px\u00bb body_font_size_last_edited=\u00bbon|desktop\u00bb]<\/p>\n<p>Nuestra intenci\u00f3n es ser una buena fuente de inspiraci\u00f3n para otras fincas que quieran cambiar de una agricultura convencional a la agricultura ecol\u00f3gica y sostenible, preservar el medio ambiente y mantener los terrenos libres de sustancias qu\u00edmicas y contaminantes.<\/p>\n<p>Pelle Lundborg<\/p>\n<p>[\/et_pb_blurb][\/et_pb_column][\/et_pb_row][\/et_pb_section][et_pb_section fb_built=\u00bb1&#8243; _builder_version=\u00bb3.22.3&#8243; custom_padding=\u00bb0px||2px|||\u00bb][et_pb_row _builder_version=\u00bb3.25&#8243; custom_padding=\u00bb50px||49px|||\u00bb][et_pb_column type=\u00bb4_4&#8243; _builder_version=\u00bb3.25&#8243; custom_padding=\u00bb|||\u00bb custom_padding__hover=\u00bb|||\u00bb][et_pb_text _builder_version=\u00bb4.9.10&#8243; text_font=\u00bb||||||||\u00bb text_font_size=\u00bb18px\u00bb hover_enabled=\u00bb0&#8243; text_font_size_tablet=\u00bb16px\u00bb text_font_size_phone=\u00bb13px\u00bb text_font_size_last_edited=\u00bbon|desktop\u00bb sticky_enabled=\u00bb0&#8243;]<\/p>\n<p>Garant\u00eda del m\u00e1s absoluto <strong>relax <\/strong>y <strong>servicio exquisito<\/strong>, el <strong>alojamiento rural<\/strong> se encuentra adem\u00e1s muy cerca de una <strong>oferta cultural impresionante<\/strong>: visita a monumentos hist\u00f3ricos, cuevas, aguas termales del Balneario SPA de Carratraca, clases de yoga y meditaci\u00f3n, y un sinf\u00edn de <span style=\"color: #0000ff;\"><a href=\"https:\/\/stage.fincasolmark.com\/es\/actividades\/\" style=\"color: #0000ff;\">actividades<\/a><\/span> que van desde apadrinamiento de olivos, caminatas por las bonitas monta\u00f1as de la zona, a iniciativas para el conocimiento de la cultura mediterr\u00e1nea: catas de aceite, talleres de gastronom\u00eda, avistamiento de aves, o workshops para la elaboraci\u00f3n de miel, entre otros.<\/p>\n<p>[\/et_pb_text][\/et_pb_column][\/et_pb_row][\/et_pb_section][et_pb_section fb_built=\u00bb1&#8243; admin_label=\u00bbsection\u00bb module_class=\u00bbhotel_header\u00bb _builder_version=\u00bb3.23.3&#8243; use_background_color_gradient=\u00bbon\u00bb background_color_gradient_start=\u00bb#08aeff\u00bb background_color_gradient_end=\u00bb#a809fb\u00bb background_color_gradient_direction=\u00bb360deg\u00bb background_image=\u00bbhttps:\/\/stage.fincasolmark.com\/wp-content\/uploads\/2019\/06\/finca_solmark_agricultura_sostenible.jpg\u00bb background_size=\u00bbinitial\u00bb background_position=\u00bbbottom_center\u00bb custom_padding=\u00bb23px||12px|||\u00bb box_shadow_style=\u00bbpreset1&#8243; transparent_background=\u00bboff\u00bb make_fullwidth=\u00bboff\u00bb use_custom_width=\u00bboff\u00bb width_unit=\u00bbon\u00bb][et_pb_row custom_padding_last_edited=\u00bbon|phone\u00bb admin_label=\u00bbrow\u00bb _builder_version=\u00bb3.25&#8243; background_color_gradient_direction=\u00bb360deg\u00bb background_blend=\u00bbsoft-light\u00bb custom_padding=\u00bb11vw||12vw|||\u00bb custom_padding_tablet=\u00bb100px||100px|\u00bb custom_padding_phone=\u00bb80px||80px|\u00bb][et_pb_column type=\u00bb4_4&#8243; _builder_version=\u00bb3.25&#8243; background_position=\u00bbtop_left\u00bb custom_padding=\u00bb|||\u00bb custom_padding__hover=\u00bb|||\u00bb][et_pb_cta admin_label=\u00bbLUXURY HOTEL &#038; RESORT\u00bb _builder_version=\u00bb4.7.7&#8243; header_font=\u00bbLibre Franklin||||||||\u00bb header_font_size=\u00bb30px\u00bb header_letter_spacing=\u00bb3&#8243; body_font=\u00bbLibre Baskerville||||||||\u00bb body_text_align=\u00bbcenter\u00bb body_font_size=\u00bb30px\u00bb background_color=\u00bbrgba(0,0,0,0.4)\u00bb custom_button=\u00bbon\u00bb button_text_size=\u00bb11&#8243; button_text_color=\u00bb#ffffff\u00bb button_bg_color=\u00bbrgba(0,0,0,0)\u00bb button_border_color=\u00bb#ffffff\u00bb button_border_radius=\u00bb0&#8243; button_font=\u00bbRoboto|||on|\u00bb button_use_icon=\u00bboff\u00bb custom_padding=\u00bb28px||6px|||\u00bb header_letter_spacing_tablet=\u00bb\u00bb header_letter_spacing_phone=\u00bb1&#8243; header_letter_spacing_last_edited=\u00bbon|phone\u00bb body_font_size_tablet=\u00bb26px\u00bb body_font_size_phone=\u00bb15px\u00bb body_font_size_last_edited=\u00bbon|phone\u00bb custom_css_promo_description=\u00bb line-height: 130%;\u00bb custom_css_promo_title=\u00bbfont-weight: 300 !important;\u00bb border_style=\u00bbsolid\u00bb button_border_radius_hover=\u00bb0&#8243; button_letter_spacing_hover=\u00bb0&#8243; button_text_size__hover_enabled=\u00bboff\u00bb button_one_text_size__hover_enabled=\u00bboff\u00bb button_two_text_size__hover_enabled=\u00bboff\u00bb button_text_color__hover_enabled=\u00bboff\u00bb button_one_text_color__hover_enabled=\u00bboff\u00bb button_two_text_color__hover_enabled=\u00bboff\u00bb button_border_width__hover_enabled=\u00bboff\u00bb button_one_border_width__hover_enabled=\u00bboff\u00bb button_two_border_width__hover_enabled=\u00bboff\u00bb button_border_color__hover_enabled=\u00bboff\u00bb button_one_border_color__hover_enabled=\u00bboff\u00bb button_two_border_color__hover_enabled=\u00bboff\u00bb button_border_radius__hover_enabled=\u00bbon\u00bb button_border_radius__hover=\u00bb0&#8243; button_one_border_radius__hover_enabled=\u00bboff\u00bb button_two_border_radius__hover_enabled=\u00bboff\u00bb button_letter_spacing__hover_enabled=\u00bbon\u00bb button_letter_spacing__hover=\u00bb0&#8243; button_one_letter_spacing__hover_enabled=\u00bboff\u00bb button_two_letter_spacing__hover_enabled=\u00bboff\u00bb button_bg_color__hover_enabled=\u00bboff\u00bb button_one_bg_color__hover_enabled=\u00bboff\u00bb button_two_bg_color__hover_enabled=\u00bboff\u00bb]<\/p>\n<h2><strong>ATR\u00c9VETE A EXPERIMENTAR EL PLACER DE DISFRUTAR DE LA NATURALEZA Y DE VIVIR DESPACIO PARA LLEGAR MUY LEJOS.<\/strong><\/h2>\n<p>[\/et_pb_cta][\/et_pb_column][\/et_pb_row][\/et_pb_section]<\/p>\n","protected":false},"excerpt":{"rendered":"<p>DE UNA AGRICULTURA CONVENCIONAL A LA AGRICULTURA ECOL\u00d3GICA Y SOSTENIBLENuestra intenci\u00f3n es ser una buena fuente de inspiraci\u00f3n para otras fincas que quieran cambiar de una agricultura convencional a la agricultura ecol\u00f3gica y sostenible, preservar el medio ambiente y mantener los terrenos libres de sustancias qu\u00edmicas y contaminantes. Pelle LundborgGarant\u00eda del m\u00e1s absoluto relax y [&hellip;]<\/p>\n","protected":false},"author":1,"featured_media":0,"parent":0,"menu_order":0,"comment_status":"closed","ping_status":"closed","template":"","meta":{"_et_pb_use_builder":"on","_et_pb_old_content":"","_et_gb_content_width":"","footnotes":""},"class_list":["post-120441","page","type-page","status-publish","hentry"],"_links":{"self":[{"href":"https:\/\/stage.fincasolmark.com\/es\/wp-json\/wp\/v2\/pages\/120441","targetHints":{"allow":["GET"]}}],"collection":[{"href":"https:\/\/stage.fincasolmark.com\/es\/wp-json\/wp\/v2\/pages"}],"about":[{"href":"https:\/\/stage.fincasolmark.com\/es\/wp-json\/wp\/v2\/types\/page"}],"author":[{"embeddable":true,"href":"https:\/\/stage.fincasolmark.com\/es\/wp-json\/wp\/v2\/users\/1"}],"replies":[{"embeddable":true,"href":"https:\/\/stage.fincasolmark.com\/es\/wp-json\/wp\/v2\/comments?post=120441"}],"version-history":[{"count":0,"href":"https:\/\/stage.fincasolmark.com\/es\/wp-json\/wp\/v2\/pages\/120441\/revisions"}],"wp:attachment":[{"href":"https:\/\/stage.fincasolmark.com\/es\/wp-json\/wp\/v2\/media?parent=120441"}],"curies":[{"name":"wp","href":"https:\/\/api.w.org\/{rel}","templated":true}]}}