{"id":240891,"date":"2019-07-16T08:45:03","date_gmt":"2019-07-16T08:45:03","guid":{"rendered":"https:\/\/stage.fincasolmark.com\/wpfs\/fran-konventionellt-jordbruk-till-hallbart-organiskt-jordbruk\/"},"modified":"2022-07-18T18:42:39","modified_gmt":"2022-07-18T16:42:39","slug":"fran-konventionellt-jordbruk-till-hallbart-organiskt-jordbruk","status":"publish","type":"page","link":"https:\/\/stage.fincasolmark.com\/sv\/fran-konventionellt-jordbruk-till-hallbart-organiskt-jordbruk\/","title":{"rendered":"FR\u00c5N KONVENTIONELLT JORDBRUK TILL H\u00c5LLBART ORGANISKT JORDBRUK"},"content":{"rendered":"<p>[et_pb_section fb_built=&#8221;1&#8243; admin_label=&#8221;section&#8221; module_class=&#8221;hotel_header&#8221; _builder_version=&#8221;4.16&#8243; use_background_color_gradient=&#8221;on&#8221; background_color_gradient_direction=&#8221;360deg&#8221; background_color_gradient_stops=&#8221;#08aeff 0%|#a809fb 100%&#8221; background_color_gradient_start=&#8221;#08aeff&#8221; background_color_gradient_end=&#8221;#a809fb&#8221; background_image=&#8221;https:\/\/stage.fincasolmark.com\/wp-content\/uploads\/2019\/05\/finca_solmark_pack_apadrinamiento_olivo.jpg&#8221; parallax=&#8221;on&#8221; custom_padding=&#8221;76px|||||&#8221; transparent_background=&#8221;off&#8221; make_fullwidth=&#8221;off&#8221; use_custom_width=&#8221;off&#8221; width_unit=&#8221;on&#8221; global_colors_info=&#8221;{}&#8221;][et_pb_row custom_padding_last_edited=&#8221;on|phone&#8221; admin_label=&#8221;row&#8221; _builder_version=&#8221;4.16&#8243; background_color_gradient_direction=&#8221;360deg&#8221; background_blend=&#8221;soft-light&#8221; custom_padding=&#8221;11vw||12vw|||&#8221; custom_padding_tablet=&#8221;100px||100px|&#8221; custom_padding_phone=&#8221;80px||80px|&#8221; global_colors_info=&#8221;{}&#8221;][et_pb_column type=&#8221;4_4&#8243; _builder_version=&#8221;4.16&#8243; background_position=&#8221;top_left&#8221; custom_padding=&#8221;|||&#8221; global_colors_info=&#8221;{}&#8221; custom_padding__hover=&#8221;|||&#8221;][et_pb_cta admin_label=&#8221;LUXURY HOTEL &#038; RESORT&#8221; _builder_version=&#8221;4.16&#8243; header_level=&#8221;h1&#8243; header_font=&#8221;||||||||&#8221; header_font_size=&#8221;16px&#8221; header_letter_spacing=&#8221;3&#8243; body_font=&#8221;||||||||&#8221; body_text_align=&#8221;center&#8221; body_font_size=&#8221;30px&#8221; background_color=&#8221;rgba(0,0,0,0.4)&#8221; custom_button=&#8221;on&#8221; button_text_size=&#8221;11&#8243; button_text_color=&#8221;#ffffff&#8221; button_bg_color=&#8221;rgba(0,0,0,0)&#8221; button_border_color=&#8221;#ffffff&#8221; button_border_radius=&#8221;0&#8243; button_font=&#8221;Roboto|||on|&#8221; button_use_icon=&#8221;off&#8221; custom_padding=&#8221;28px||6px|||&#8221; header_letter_spacing_tablet=&#8221;&#8221; header_letter_spacing_phone=&#8221;1&#8243; header_letter_spacing_last_edited=&#8221;on|phone&#8221; body_font_size_tablet=&#8221;26px&#8221; body_font_size_phone=&#8221;15px&#8221; body_font_size_last_edited=&#8221;on|phone&#8221; custom_css_promo_description=&#8221; line-height: 130%;&#8221; custom_css_promo_title=&#8221;font-weight: 300 !important;&#8221; border_style=&#8221;solid&#8221; button_border_radius_hover=&#8221;0&#8243; button_letter_spacing_hover=&#8221;0&#8243; global_colors_info=&#8221;{}&#8221; button_text_size__hover_enabled=&#8221;off&#8221; button_one_text_size__hover_enabled=&#8221;off&#8221; button_two_text_size__hover_enabled=&#8221;off&#8221; button_text_color__hover_enabled=&#8221;off&#8221; button_one_text_color__hover_enabled=&#8221;off&#8221; button_two_text_color__hover_enabled=&#8221;off&#8221; button_border_width__hover_enabled=&#8221;off&#8221; button_one_border_width__hover_enabled=&#8221;off&#8221; button_two_border_width__hover_enabled=&#8221;off&#8221; button_border_color__hover_enabled=&#8221;off&#8221; button_one_border_color__hover_enabled=&#8221;off&#8221; button_two_border_color__hover_enabled=&#8221;off&#8221; button_border_radius__hover_enabled=&#8221;on&#8221; button_border_radius__hover=&#8221;0&#8243; button_one_border_radius__hover_enabled=&#8221;off&#8221; button_two_border_radius__hover_enabled=&#8221;off&#8221; button_letter_spacing__hover_enabled=&#8221;on&#8221; button_letter_spacing__hover=&#8221;0&#8243; button_one_letter_spacing__hover_enabled=&#8221;off&#8221; button_two_letter_spacing__hover_enabled=&#8221;off&#8221; button_bg_color__hover_enabled=&#8221;off&#8221; button_one_bg_color__hover_enabled=&#8221;off&#8221; button_two_bg_color__hover_enabled=&#8221;off&#8221;]<\/p>\n<h1><strong>FR\u00c5N KONVENTIONELLT JORDBRUK <br \/>\nTILL H\u00c5LLBART ORGANISKT JORDBRUK<\/strong><\/h1>\n<p>[\/et_pb_cta][\/et_pb_column][\/et_pb_row][\/et_pb_section][et_pb_section fb_built=&#8221;1&#8243; _builder_version=&#8221;4.16&#8243; background_color=&#8221;#969696&#8243; custom_margin=&#8221;-2px|||||&#8221; custom_padding=&#8221;4px||6px|||&#8221; box_shadow_style=&#8221;preset1&#8243; global_colors_info=&#8221;{}&#8221;][et_pb_row _builder_version=&#8221;4.16&#8243; min_height=&#8221;157px&#8221; custom_padding=&#8221;40px|||||&#8221; global_colors_info=&#8221;{}&#8221;][et_pb_column type=&#8221;4_4&#8243; _builder_version=&#8221;4.16&#8243; custom_padding=&#8221;|||&#8221; global_colors_info=&#8221;{}&#8221; custom_padding__hover=&#8221;|||&#8221;][et_pb_blurb use_icon=&#8221;on&#8221; font_icon=&#8221;&#x7c;||divi||400&#8243; icon_color=&#8221;#ffffff&#8221; image_icon_width=&#8221;38px&#8221; content_max_width=&#8221;100%&#8221; _builder_version=&#8221;4.16&#8243; body_font=&#8221;||on||||||&#8221; body_text_align=&#8221;center&#8221; body_text_color=&#8221;#ffffff&#8221; body_font_size=&#8221;20px&#8221; body_font_size_tablet=&#8221;17px&#8221; body_font_size_phone=&#8221;14px&#8221; body_font_size_last_edited=&#8221;on|desktop&#8221; icon_font_size=&#8221;38px&#8221; global_colors_info=&#8221;{}&#8221;]Vi str\u00e4var efter att vara en k\u00e4lla av inspiration f\u00f6r andra fincas som vill v\u00e4xla fr\u00e5n konventionellt jordbruk till h\u00e5llbart ekologiskt jordbruk samt ta hand om milj\u00f6n och h\u00e5lla jorden fri fr\u00e5n kemikalier och f\u00f6roreningar.<\/p>\n<p>Pelle Lundborg[\/et_pb_blurb][\/et_pb_column][\/et_pb_row][\/et_pb_section][et_pb_section fb_built=&#8221;1&#8243; _builder_version=&#8221;4.16&#8243; custom_padding=&#8221;0px||2px|||&#8221; global_colors_info=&#8221;{}&#8221;][et_pb_row _builder_version=&#8221;4.16&#8243; custom_padding=&#8221;50px||49px|||&#8221; global_colors_info=&#8221;{}&#8221;][et_pb_column type=&#8221;4_4&#8243; _builder_version=&#8221;4.16&#8243; custom_padding=&#8221;|||&#8221; global_colors_info=&#8221;{}&#8221; custom_padding__hover=&#8221;|||&#8221;][et_pb_text _builder_version=&#8221;4.17.4&#8243; text_font=&#8221;||||||||&#8221; text_font_size=&#8221;18px&#8221; hover_enabled=&#8221;0&#8243; text_font_size_tablet=&#8221;16px&#8221; text_font_size_phone=&#8221;13px&#8221; text_font_size_last_edited=&#8221;on|desktop&#8221; global_colors_info=&#8221;{}&#8221; sticky_enabled=&#8221;0&#8243;]<\/p>\n<p><strong><span lang=\"SV\">G\u00e5rden<\/span><\/strong><span lang=\"SV\"><span>\u00a0<\/span>garanterar inte bara en fullst\u00e4ndig<span>\u00a0<\/span><strong><span>avkoppling<\/span><\/strong><span>\u00a0<\/span>och<span>\u00a0<\/span><strong><span>utm\u00e4rkt service<\/span><\/strong><span>\u00a0<\/span>utan ligger \u00e4ven n\u00e4ra<span>\u00a0<\/span><strong><span>m\u00e4ngder av andra sp\u00e4nnande aktiviteter och kulturellt intressant platser<\/span><\/strong>. Du kan bes\u00f6ka historiska platser s\u00e5som den romerska vandringsleden till Casarabonela, eller den romerska bron i Ardales, grottan Cuevas de Ardales med v\u00e4rldens \u00e4ldsta v\u00e4ggm\u00e5lningar, El Chorro och alla dessa vattenaktiviteter, kl\u00e4tterv\u00e4ggar, f\u00e5gelsk\u00e5dningsplatser s\u00e5som Fuente de Piedra mm. Det finns \u00e4ven en<span>\u00a0<\/span><\/span><span style=\"color: #3366ff;\"><a href=\"https:\/\/stage.fincasolmark.com\/aktiviteter\/\" target=\"_blank\" data-saferedirecturl=\"https:\/\/www.google.com\/url?q=https:\/\/stage.fincasolmark.com\/aktiviteter\/&amp;source=gmail&amp;ust=1658163043449000&amp;usg=AOvVaw3fm23Y1Tt2Qn6Xw6KnCbC_\" rel=\"noopener\" style=\"color: #3366ff;\"><span lang=\"SV\">m\u00e4ngd andra aktiviteter<\/span><\/a><\/span><span lang=\"SV\">. Vill du vandra i bergen eller skogen i n\u00e4rheten av g\u00e5rden s\u00e5 kan vi f\u00f6rse dig med ryggs\u00e4ckar och fika, m\u00e4rka ut rutter mm.<\/span><\/p>\n<p>[\/et_pb_text][\/et_pb_column][\/et_pb_row][\/et_pb_section][et_pb_section fb_built=&#8221;1&#8243; admin_label=&#8221;section&#8221; module_class=&#8221;hotel_header&#8221; _builder_version=&#8221;4.16&#8243; use_background_color_gradient=&#8221;on&#8221; background_color_gradient_direction=&#8221;360deg&#8221; background_color_gradient_stops=&#8221;#08aeff 0%|#a809fb 100%&#8221; background_color_gradient_start=&#8221;#08aeff&#8221; background_color_gradient_end=&#8221;#a809fb&#8221; background_image=&#8221;https:\/\/stage.fincasolmark.com\/wp-content\/uploads\/2019\/06\/finca_solmark_agricultura_sostenible.jpg&#8221; background_size=&#8221;initial&#8221; background_position=&#8221;bottom_center&#8221; custom_padding=&#8221;23px||12px|||&#8221; box_shadow_style=&#8221;preset1&#8243; transparent_background=&#8221;off&#8221; make_fullwidth=&#8221;off&#8221; use_custom_width=&#8221;off&#8221; width_unit=&#8221;on&#8221; global_colors_info=&#8221;{}&#8221;][et_pb_row custom_padding_last_edited=&#8221;on|phone&#8221; admin_label=&#8221;row&#8221; _builder_version=&#8221;4.16&#8243; background_color_gradient_direction=&#8221;360deg&#8221; background_blend=&#8221;soft-light&#8221; custom_padding=&#8221;11vw||12vw|||&#8221; custom_padding_tablet=&#8221;100px||100px|&#8221; custom_padding_phone=&#8221;80px||80px|&#8221; global_colors_info=&#8221;{}&#8221;][et_pb_column type=&#8221;4_4&#8243; _builder_version=&#8221;4.16&#8243; background_position=&#8221;top_left&#8221; custom_padding=&#8221;|||&#8221; global_colors_info=&#8221;{}&#8221; custom_padding__hover=&#8221;|||&#8221;][et_pb_cta admin_label=&#8221;LUXURY HOTEL &#038; RESORT&#8221; _builder_version=&#8221;4.16&#8243; header_font=&#8221;Libre Franklin||||||||&#8221; header_font_size=&#8221;30px&#8221; header_letter_spacing=&#8221;3&#8243; body_font=&#8221;Libre Baskerville||||||||&#8221; body_text_align=&#8221;center&#8221; body_font_size=&#8221;30px&#8221; background_color=&#8221;rgba(0,0,0,0.4)&#8221; custom_button=&#8221;on&#8221; button_text_size=&#8221;11&#8243; button_text_color=&#8221;#ffffff&#8221; button_bg_color=&#8221;rgba(0,0,0,0)&#8221; button_border_color=&#8221;#ffffff&#8221; button_border_radius=&#8221;0&#8243; button_font=&#8221;Roboto|||on|&#8221; button_use_icon=&#8221;off&#8221; custom_padding=&#8221;28px||6px|||&#8221; header_letter_spacing_tablet=&#8221;&#8221; header_letter_spacing_phone=&#8221;1&#8243; header_letter_spacing_last_edited=&#8221;on|phone&#8221; body_font_size_tablet=&#8221;26px&#8221; body_font_size_phone=&#8221;15px&#8221; body_font_size_last_edited=&#8221;on|phone&#8221; custom_css_promo_description=&#8221; line-height: 130%;&#8221; custom_css_promo_title=&#8221;font-weight: 300 !important;&#8221; border_style=&#8221;solid&#8221; button_border_radius_hover=&#8221;0&#8243; button_letter_spacing_hover=&#8221;0&#8243; global_colors_info=&#8221;{}&#8221; button_text_size__hover_enabled=&#8221;off&#8221; button_one_text_size__hover_enabled=&#8221;off&#8221; button_two_text_size__hover_enabled=&#8221;off&#8221; button_text_color__hover_enabled=&#8221;off&#8221; button_one_text_color__hover_enabled=&#8221;off&#8221; button_two_text_color__hover_enabled=&#8221;off&#8221; button_border_width__hover_enabled=&#8221;off&#8221; button_one_border_width__hover_enabled=&#8221;off&#8221; button_two_border_width__hover_enabled=&#8221;off&#8221; button_border_color__hover_enabled=&#8221;off&#8221; button_one_border_color__hover_enabled=&#8221;off&#8221; button_two_border_color__hover_enabled=&#8221;off&#8221; button_border_radius__hover_enabled=&#8221;on&#8221; button_border_radius__hover=&#8221;0&#8243; button_one_border_radius__hover_enabled=&#8221;off&#8221; button_two_border_radius__hover_enabled=&#8221;off&#8221; button_letter_spacing__hover_enabled=&#8221;on&#8221; button_letter_spacing__hover=&#8221;0&#8243; button_one_letter_spacing__hover_enabled=&#8221;off&#8221; button_two_letter_spacing__hover_enabled=&#8221;off&#8221; button_bg_color__hover_enabled=&#8221;off&#8221; button_one_bg_color__hover_enabled=&#8221;off&#8221; button_two_bg_color__hover_enabled=&#8221;off&#8221;]<\/p>\n<h2><strong>PASSA P\u00c5 ATT UPPLEVA NJUTNINGEN AV ATT LEVA I NATUREN MED DESS L\u00c5NGSAMMA AVKOPPLANDE TEMPO.<\/strong><\/h2>\n<p>[\/et_pb_cta][\/et_pb_column][\/et_pb_row][\/et_pb_section]<\/p>\n","protected":false},"excerpt":{"rendered":"<p>FR\u00c5N KONVENTIONELLT JORDBRUK TILL H\u00c5LLBART ORGANISKT JORDBRUKVi str\u00e4var efter att vara en k\u00e4lla av inspiration f\u00f6r andra fincas som vill v\u00e4xla fr\u00e5n konventionellt jordbruk till h\u00e5llbart ekologiskt jordbruk samt ta hand om milj\u00f6n och h\u00e5lla jorden fri fr\u00e5n kemikalier och f\u00f6roreningar. Pelle LundborgG\u00e5rden\u00a0garanterar inte bara en fullst\u00e4ndig\u00a0avkoppling\u00a0och\u00a0utm\u00e4rkt service\u00a0utan ligger \u00e4ven n\u00e4ra\u00a0m\u00e4ngder av andra sp\u00e4nnande aktiviteter [&hellip;]<\/p>\n","protected":false},"author":1,"featured_media":0,"parent":0,"menu_order":0,"comment_status":"closed","ping_status":"closed","template":"","meta":{"_et_pb_use_builder":"on","_et_pb_old_content":"","_et_gb_content_width":"","footnotes":""},"class_list":["post-240891","page","type-page","status-publish","hentry"],"_links":{"self":[{"href":"https:\/\/stage.fincasolmark.com\/sv\/wp-json\/wp\/v2\/pages\/240891","targetHints":{"allow":["GET"]}}],"collection":[{"href":"https:\/\/stage.fincasolmark.com\/sv\/wp-json\/wp\/v2\/pages"}],"about":[{"href":"https:\/\/stage.fincasolmark.com\/sv\/wp-json\/wp\/v2\/types\/page"}],"author":[{"embeddable":true,"href":"https:\/\/stage.fincasolmark.com\/sv\/wp-json\/wp\/v2\/users\/1"}],"replies":[{"embeddable":true,"href":"https:\/\/stage.fincasolmark.com\/sv\/wp-json\/wp\/v2\/comments?post=240891"}],"version-history":[{"count":1,"href":"https:\/\/stage.fincasolmark.com\/sv\/wp-json\/wp\/v2\/pages\/240891\/revisions"}],"predecessor-version":[{"id":283255,"href":"https:\/\/stage.fincasolmark.com\/sv\/wp-json\/wp\/v2\/pages\/240891\/revisions\/283255"}],"wp:attachment":[{"href":"https:\/\/stage.fincasolmark.com\/sv\/wp-json\/wp\/v2\/media?parent=240891"}],"curies":[{"name":"wp","href":"https:\/\/api.w.org\/{rel}","templated":true}]}}