{"id":245757,"date":"2020-01-27T10:49:12","date_gmt":"2020-01-27T10:49:12","guid":{"rendered":"https:\/\/stage.fincasolmark.com\/guidad-tur-pa-finca-solmark\/"},"modified":"2023-03-03T14:21:11","modified_gmt":"2023-03-03T13:21:11","slug":"guidad-tur-pa-finca-solmark","status":"publish","type":"page","link":"https:\/\/stage.fincasolmark.com\/sv\/guidad-tur-pa-finca-solmark\/","title":{"rendered":"GUIDAD TUR PA FINCA SOLMARK"},"content":{"rendered":"<p>[et_pb_section fb_built=&#8221;1&#8243; _builder_version=&#8221;4.16&#8243; background_color=&#8221;rgba(0,0,0,0)&#8221; custom_padding=&#8221;||6px|||&#8221; global_colors_info=&#8221;{}&#8221;][et_pb_row use_custom_gutter=&#8221;on&#8221; gutter_width=&#8221;1&#8243; make_equal=&#8221;on&#8221; _builder_version=&#8221;4.16&#8243; width=&#8221;85%&#8221; max_width=&#8221;100%&#8221; global_colors_info=&#8221;{}&#8221;][et_pb_column type=&#8221;4_4&#8243; _builder_version=&#8221;4.16&#8243; global_colors_info=&#8221;{}&#8221;][et_pb_image src=&#8221;https:\/\/stage.fincasolmark.com\/wp-content\/uploads\/2020\/01\/finca_solmark_actividades_visita_la_finca_cab.jpg&#8221; align=&#8221;center&#8221; _builder_version=&#8221;4.16&#8243; border_radii=&#8221;on|10px|10px|10px|10px&#8221; global_colors_info=&#8221;{}&#8221;][\/et_pb_image][\/et_pb_column][\/et_pb_row][\/et_pb_section][et_pb_section fb_built=&#8221;1&#8243; _builder_version=&#8221;4.16&#8243; custom_padding=&#8221;3px||8px|||&#8221; global_colors_info=&#8221;{}&#8221;][et_pb_row column_structure=&#8221;1_2,1_6,1_6,1_6&#8243; use_custom_gutter=&#8221;on&#8221; make_equal=&#8221;on&#8221; _builder_version=&#8221;4.16&#8243; width=&#8221;100%&#8221; max_width=&#8221;85%&#8221; global_colors_info=&#8221;{}&#8221;][et_pb_column type=&#8221;1_2&#8243; _builder_version=&#8221;4.16&#8243; global_colors_info=&#8221;{}&#8221;][et_pb_text _builder_version=&#8221;4.20.0&#8243; header_font_size=&#8221;1vw&#8221; header_2_font=&#8221;||||||||&#8221; header_2_font_size=&#8221;1.2vw&#8221; header_font_size_tablet=&#8221;3vw&#8221; header_font_size_phone=&#8221;4vw&#8221; header_font_size_last_edited=&#8221;on|phone&#8221; header_2_font_size_tablet=&#8221;1.9vw&#8221; header_2_font_size_phone=&#8221;1.9vw&#8221; header_2_font_size_last_edited=&#8221;on|phone&#8221; global_colors_info=&#8221;{}&#8221;]<\/p>\n<h1>GUIDAD TUR P\u00c5 FINCA SOLMARK<\/h1>\n<h2>ETT OMR\u00c5DE I M\u00c1LAGA MED EKOLOGISKA AVOKADOS OCH OLIVOLJA.<\/h2>\n<p>CARRATRACA, M\u00c1LAGA, ESPA\u00d1A<\/p>\n<p>[\/et_pb_text][\/et_pb_column][et_pb_column type=&#8221;1_6&#8243; _builder_version=&#8221;4.16&#8243; global_colors_info=&#8221;{}&#8221;][et_pb_blurb title=&#8221;VARAKTIGHET&#8221; use_icon=&#8221;on&#8221; font_icon=&#8221;&#x7d;||divi||400&#8243; image_icon_width=&#8221;26px&#8221; icon_alignment=&#8221;left&#8221; _builder_version=&#8221;4.20.0&#8243; header_font_size=&#8221;1vw&#8221; header_font_size_tablet=&#8221;2vw&#8221; header_font_size_phone=&#8221;3vw&#8221; header_font_size_last_edited=&#8221;on|phone&#8221; icon_font_size=&#8221;26px&#8221; global_colors_info=&#8221;{}&#8221;]<\/p>\n<p>2 TIMMAR<\/p>\n<p>[\/et_pb_blurb][\/et_pb_column][et_pb_column type=&#8221;1_6&#8243; _builder_version=&#8221;4.16&#8243; global_colors_info=&#8221;{}&#8221;][et_pb_blurb title=&#8221;STORLEK P\u00c5 GRUPPEN&#8221; use_icon=&#8221;on&#8221; font_icon=&#8221;&#xe08b;||divi||400&#8243; image_icon_width=&#8221;26px&#8221; icon_alignment=&#8221;left&#8221; _builder_version=&#8221;4.16&#8243; header_font_size=&#8221;1vw&#8221; header_font_size_tablet=&#8221;2vw&#8221; header_font_size_phone=&#8221;3vw&#8221; header_font_size_last_edited=&#8221;on|phone&#8221; icon_font_size=&#8221;26px&#8221; global_colors_info=&#8221;{}&#8221;]UPP TILL 30 PERSONER[\/et_pb_blurb][\/et_pb_column][et_pb_column type=&#8221;1_6&#8243; _builder_version=&#8221;4.16&#8243; global_colors_info=&#8221;{}&#8221;][et_pb_blurb title=&#8221;SPR\u00c5K&#8221; use_icon=&#8221;on&#8221; font_icon=&#8221;&#xe066;||divi||400&#8243; image_icon_width=&#8221;26px&#8221; icon_alignment=&#8221;left&#8221; _builder_version=&#8221;4.16&#8243; header_font_size=&#8221;1vw&#8221; header_font_size_tablet=&#8221;2vw&#8221; header_font_size_phone=&#8221;3vw&#8221; header_font_size_last_edited=&#8221;on|phone&#8221; icon_font_size=&#8221;26px&#8221; global_colors_info=&#8221;{}&#8221;]SVENSKA, ENGELSKA OCH SPANSKA[\/et_pb_blurb][\/et_pb_column][\/et_pb_row][\/et_pb_section][et_pb_section fb_built=&#8221;1&#8243; _builder_version=&#8221;4.16&#8243; background_color=&#8221;#d6d6d6&#8243; custom_padding=&#8221;32px||12px|||&#8221; global_colors_info=&#8221;{}&#8221;][et_pb_row _builder_version=&#8221;4.16&#8243; width=&#8221;100%&#8221; max_width=&#8221;85%&#8221; global_colors_info=&#8221;{}&#8221;][et_pb_column type=&#8221;4_4&#8243; _builder_version=&#8221;4.16&#8243; global_colors_info=&#8221;{}&#8221;][et_pb_text _builder_version=&#8221;4.20.0&#8243; header_3_font=&#8221;||||||||&#8221; header_3_font_size=&#8221;1.5vw&#8221; header_3_font_size_tablet=&#8221;2.5vw&#8221; header_3_font_size_phone=&#8221;4vw&#8221; header_3_font_size_last_edited=&#8221;on|phone&#8221; global_colors_info=&#8221;{}&#8221;]<\/p>\n<h3>VAD G\u00d6R MAN?<\/h3>\n<p>[\/et_pb_text][et_pb_text _builder_version=&#8221;4.20.0&#8243; text_font=&#8221;Libre Baskerville||||||||&#8221; text_font_size=&#8221;18px&#8221; text_font_size_tablet=&#8221;15px&#8221; text_font_size_phone=&#8221;13px&#8221; text_font_size_last_edited=&#8221;on|desktop&#8221; global_colors_info=&#8221;{}&#8221;]<\/p>\n<p>Kom och bes\u00f6k Finca Solmark och njut av en annorlunda dag. Finca Solmark \u00e4r ett naturobservatorium med ekologiskt jordbruk i Carratraca, bara 30 minuter fr\u00e5n M\u00e1laga i Spanien. G\u00e5rdens \u00e4gare, Pelle Lundborg, f\u00f6ljer med dig p\u00e5 en tv\u00e5 timmar l\u00e5ng guidad tur runt g\u00e5rden. Du hinner l\u00e4ra dig intressanta fakta om ekologiskt jordbruk och f\u00e5r k\u00e4nnedom om oliv- och avokadotr\u00e4dens v\u00e4rld. Vi kan f\u00f6rs\u00e4kra dig om att du kommer ha roligt! Du f\u00e5r se gr\u00f6dor och odlingar, olivtr\u00e4d, insektshotell, ekologiska frukttr\u00e4dg\u00e5rdar, solpaneler, bevattningssystem, vattenk\u00e4lla med mera. Dessutom f\u00e5r du att njuta av det vackra landskapet i M\u00e1laga.<\/p>\n<p dir=\"ltr\">[\/et_pb_text][et_pb_image src=&#8221;https:\/\/stage.fincasolmark.com\/wp-content\/uploads\/2019\/04\/finca_solmark_alojamiento_rural_panoramica_olivos.jpg&#8221; align=&#8221;center&#8221; _builder_version=&#8221;4.16&#8243; global_colors_info=&#8221;{}&#8221;][\/et_pb_image][et_pb_text _builder_version=&#8221;4.20.0&#8243; text_font=&#8221;Libre Baskerville||||||||&#8221; text_font_size=&#8221;18px&#8221; text_font_size_tablet=&#8221;15px&#8221; text_font_size_phone=&#8221;13px&#8221; text_font_size_last_edited=&#8221;on|desktop&#8221; global_colors_info=&#8221;{}&#8221;]<\/p>\n<p>Te\/kaffe ing\u00e5r och provsmakning av v\u00e5r olivolja och olika honungar kan ocks\u00e5 anordnas. Du beh\u00f6ver bara bekv\u00e4ma kl\u00e4der, l\u00e4mpliga skor och en vilja att ha kul. Husdjur och barn \u00e4r givetvis ocks\u00e5 v\u00e4lkomna.<\/p>\n<p>Det h\u00e4r bes\u00f6ket \u00e4r ett idealiskt komplement till andra aktiviteter som kan g\u00f6ras i n\u00e4romr\u00e5den, exempelvis att bes\u00f6ka Caminito del Rey, arkeologiska utgr\u00e4vningar i Bobastro, grottan Cueva de Ardales, ravinen vid Gaitanes och den fina byn Casarabonela. M\u00e5nga v\u00e4ljer ocks\u00e5 att \u00e4ta lunch uppe i byn, d\u00e4r det finns ett flertal trevliga restauranger.<\/p>\n<p>[\/et_pb_text][\/et_pb_column][\/et_pb_row][\/et_pb_section][et_pb_section fb_built=&#8221;1&#8243; _builder_version=&#8221;4.16&#8243; background_color=&#8221;#d6d6d6&#8243; custom_padding=&#8221;16px|||||&#8221; global_colors_info=&#8221;{}&#8221;][et_pb_row _builder_version=&#8221;4.16&#8243; width=&#8221;100%&#8221; global_colors_info=&#8221;{}&#8221;][et_pb_column type=&#8221;4_4&#8243; _builder_version=&#8221;4.16&#8243; global_colors_info=&#8221;{}&#8221;][et_pb_text _builder_version=&#8221;4.16&#8243; text_orientation=&#8221;center&#8221; global_colors_info=&#8221;{}&#8221;]<iframe loading=\"lazy\" src=\"https:\/\/www.youtube.com\/embed\/V7diRznUp9E\" width=\"560\" height=\"315\" frameborder=\"0\" allowfullscreen=\"allowfullscreen\"><\/iframe>[\/et_pb_text][\/et_pb_column][\/et_pb_row][et_pb_row _builder_version=&#8221;4.16&#8243; _module_preset=&#8221;default&#8221; global_colors_info=&#8221;{}&#8221;][et_pb_column type=&#8221;4_4&#8243; _builder_version=&#8221;4.16&#8243; _module_preset=&#8221;default&#8221; global_colors_info=&#8221;{}&#8221;][et_pb_image src=&#8221;https:\/\/stage.fincasolmark.com\/wp-content\/uploads\/2019\/07\/finca_solmark_google_map.jpg&#8221; alt=&#8221;Finca Solmark Google Map&#8221; title_text=&#8221;finca_solmark_google_map&#8221; url=&#8221;https:\/\/www.google.es\/maps\/place\/Finca+Solmark\/@36.8399345,-4.8235095,17z\/data=!3m1!4b1!4m5!3m4!1s0xd72c7b4cf73a46b:0xc0fe0431c5b589d9!8m2!3d36.8399345!4d-4.8213208?hl=es&#8221; url_new_window=&#8221;on&#8221; align=&#8221;center&#8221; _builder_version=&#8221;4.16&#8243; _module_preset=&#8221;default&#8221; global_colors_info=&#8221;{}&#8221;][\/et_pb_image][\/et_pb_column][\/et_pb_row][\/et_pb_section][et_pb_section fb_built=&#8221;1&#8243; _builder_version=&#8221;4.16&#8243; custom_padding=&#8221;||17px|||&#8221; global_colors_info=&#8221;{}&#8221;][et_pb_row _builder_version=&#8221;4.16&#8243; width=&#8221;100%&#8221; max_width=&#8221;85%&#8221; global_colors_info=&#8221;{}&#8221;][et_pb_column type=&#8221;4_4&#8243; _builder_version=&#8221;4.16&#8243; global_colors_info=&#8221;{}&#8221;][et_pb_text _builder_version=&#8221;4.20.0&#8243; header_3_font=&#8221;||||||||&#8221; header_3_font_size=&#8221;1.5vw&#8221; header_3_font_size_tablet=&#8221;2.5vw&#8221; header_3_font_size_phone=&#8221;4vw&#8221; header_3_font_size_last_edited=&#8221;on|phone&#8221; global_colors_info=&#8221;{}&#8221;]<\/p>\n<h3>DIN V\u00c4RD<\/h3>\n<p>[\/et_pb_text][et_pb_team_member image_url=&#8221;https:\/\/stage.fincasolmark.com\/wp-content\/uploads\/2019\/10\/finca_solmark_Camara-de-Comercio-Hispano-Sueca_pelle_entrada.jpg&#8221; _builder_version=&#8221;4.16&#8243; global_colors_info=&#8221;{}&#8221;][\/et_pb_team_member][et_pb_text _builder_version=&#8221;4.20.0&#8243; header_3_font=&#8221;|700|||||||&#8221; header_3_font_size=&#8221;1.5vw&#8221; header_3_font_size_tablet=&#8221;2.5vw&#8221; header_3_font_size_phone=&#8221;3.5vw&#8221; header_3_font_size_last_edited=&#8221;on|phone&#8221; global_colors_info=&#8221;{}&#8221;]<\/p>\n<h3>Pelle Lundborg<\/h3>\n<p>[\/et_pb_text][et_pb_text _builder_version=&#8221;4.16&#8243; text_font=&#8221;Libre Baskerville||||||||&#8221; text_font_size=&#8221;18px&#8221; text_font_size_tablet=&#8221;15px&#8221; text_font_size_phone=&#8221;13px&#8221; text_font_size_last_edited=&#8221;on|desktop&#8221; global_colors_info=&#8221;{}&#8221;]<\/p>\n<p dir=\"ltr\">Jag \u00e4r svensk och \u00e4gare av Finca Solmark. Jag skulle vilja uppmuntra dig att komma och bes\u00f6ka oss f\u00f6r att h\u00f6ra mer om g\u00e5rdens historia, hur vi f\u00f6rvandlat den till vad den \u00e4r idag och framf\u00f6rallt hur det motiverar mig att stiga upp varje morgon. Det finns en historia bakom allt det ni ser p\u00e5 g\u00e5rden och det som fortfarande m\u00e5ste forts\u00e4tta utvecklas.<\/p>\n<p>[\/et_pb_text][et_pb_image src=&#8221;https:\/\/stage.fincasolmark.com\/wp-content\/uploads\/2019\/12\/finca_solmark_fiesta_cosecha_2019_13.jpg&#8221; _builder_version=&#8221;4.16&#8243; global_colors_info=&#8221;{}&#8221;][\/et_pb_image][et_pb_text _builder_version=&#8221;4.16&#8243; text_font=&#8221;Libre Baskerville||||||||&#8221; text_font_size=&#8221;18px&#8221; text_font_size_tablet=&#8221;15px&#8221; text_font_size_phone=&#8221;13px&#8221; text_font_size_last_edited=&#8221;on|desktop&#8221; global_colors_info=&#8221;{}&#8221;]Finca Solmark kom till som ett personligt projekt efter m\u00e5nga \u00e5r av arbete i stressig milj\u00f6. Det var under en paus i mitt liv d\u00e5 jag p\u00e5 grund av h\u00e4lsosk\u00e4l blev s\u00e4ngliggande p\u00e5 sjukhus, som jag k\u00e4nde ett behov av att reflektera och finna syftet med livet, omv\u00e4rdera min framtid och finna ett lugnare, h\u00e4lsosammare och framf\u00f6rallt roligare liv!\u00a0 Jag t\u00e4nkte om och best\u00e4mde mig f\u00f6r att bidra till samh\u00e4llet genom att dela med mig av mina kunskaper och erfarenheter. Jag b\u00f6rjade arbetet genom att sprida vetenskapligt kunnande och information om milj\u00f6n, med dr\u00f6mmen om att f\u00f6rb\u00e4ttra andra m\u00e4nniskors liv. Med stark motivationskraft h\u00e5ller jag p\u00e5 att skapa ett naturobservatorium och ekologiskt jordbruk. Jag gl\u00e4der mig idag \u00e5t att med passion och av hela mitt hj\u00e4rta kunna verka f\u00f6r att integrera allt arbete i Finca Solmark, ett initiativ som har som m\u00e5l att fr\u00e4mja landsbygdsutveckling, uppmuntra ekologisk och h\u00e5llbar turism i Andalusien, ge nytt liv till Carratraca genom att leta efter l\u00f6sningar till avbefolkningsproblemet p\u00e5 landsbygden men ocks\u00e5 att bidra till att bevara och sprida det konstn\u00e4rliga arvet, kulturen, gastronomin och milj\u00f6n. Vill du f\u00f6lja med mig p\u00e5 f\u00e4rden? Kom f\u00f6rbi s\u00e5 kan jag dela med mig av allt detta med dig![\/et_pb_text][\/et_pb_column][\/et_pb_row][\/et_pb_section][et_pb_section fb_built=&#8221;1&#8243; _builder_version=&#8221;4.16&#8243; background_color=&#8221;#d6d6d6&#8243; global_colors_info=&#8221;{}&#8221;][et_pb_row column_structure=&#8221;1_4,1_4,1_4,1_4&#8243; _builder_version=&#8221;4.16&#8243; width=&#8221;100%&#8221; max_width=&#8221;85%&#8221; global_colors_info=&#8221;{}&#8221;][et_pb_column type=&#8221;1_4&#8243; _builder_version=&#8221;4.16&#8243; global_colors_info=&#8221;{}&#8221;][et_pb_text _builder_version=&#8221;4.16&#8243; header_3_font=&#8221;Libre Baskerville||||||||&#8221; header_3_font_size=&#8221;1.5vw&#8221; header_3_font_size_tablet=&#8221;2.5vw&#8221; header_3_font_size_phone=&#8221;4vw&#8221; header_3_font_size_last_edited=&#8221;on|phone&#8221; global_colors_info=&#8221;{}&#8221;]<\/p>\n<h3>INKLUDERAR<\/h3>\n<p>[\/et_pb_text][\/et_pb_column][et_pb_column type=&#8221;1_4&#8243; _builder_version=&#8221;4.16&#8243; global_colors_info=&#8221;{}&#8221;][et_pb_blurb title=&#8221; Dricka&#8221; use_icon=&#8221;on&#8221; font_icon=&#8221;&#xe105;||divi||400&#8243; image_icon_width=&#8221;1.8vw&#8221; _builder_version=&#8221;4.16&#8243; custom_padding=&#8221;15px|15px|15px|15px|false|false&#8221; border_width_all=&#8221;1px&#8221; icon_font_size=&#8221;1.8vw&#8221; global_colors_info=&#8221;{}&#8221;]Te\/kaffe[\/et_pb_blurb][\/et_pb_column][et_pb_column type=&#8221;1_4&#8243; _builder_version=&#8221;4.16&#8243; global_colors_info=&#8221;{}&#8221;][et_pb_blurb title=&#8221;Provsmakning&#8221; use_icon=&#8221;on&#8221; font_icon=&#8221;&#xe030;||divi||400&#8243; image_icon_width=&#8221;1.8vw&#8221; _builder_version=&#8221;4.18.0&#8243; custom_padding=&#8221;15px|15px|15px|15px|false|false&#8221; border_width_all=&#8221;1px&#8221; icon_font_size=&#8221;1.8vw&#8221; global_colors_info=&#8221;{}&#8221;]Provsmakning av olika typer av honung eller olivolja[\/et_pb_blurb][\/et_pb_column][et_pb_column type=&#8221;1_4&#8243; _builder_version=&#8221;4.16&#8243; global_colors_info=&#8221;{}&#8221;][et_pb_blurb title=&#8221;Bes\u00f6k v\u00e5r butik&#8221; use_icon=&#8221;on&#8221; font_icon=&#8221;&#xe008;||divi||400&#8243; image_icon_width=&#8221;1.8vw&#8221; _builder_version=&#8221;4.18.0&#8243; custom_padding=&#8221;15px|15px|15px|15px|false|false&#8221; border_width_all=&#8221;1px&#8221; icon_font_size=&#8221;1.8vw&#8221; global_colors_info=&#8221;{}&#8221;]Handla g\u00e5rdens varor och betala med Swish eller kontant[\/et_pb_blurb][\/et_pb_column][\/et_pb_row][\/et_pb_section][et_pb_section fb_built=&#8221;1&#8243; _builder_version=&#8221;4.16&#8243; global_colors_info=&#8221;{}&#8221;][et_pb_row use_custom_gutter=&#8221;on&#8221; gutter_width=&#8221;1&#8243; make_equal=&#8221;on&#8221; _builder_version=&#8221;4.16&#8243; width=&#8221;100%&#8221; max_width=&#8221;85%&#8221; global_colors_info=&#8221;{}&#8221;][et_pb_column type=&#8221;4_4&#8243; _builder_version=&#8221;4.16&#8243; global_colors_info=&#8221;{}&#8221;][et_pb_text _builder_version=&#8221;4.16&#8243; header_3_font=&#8221;Libre Baskerville||||||||&#8221; header_3_font_size=&#8221;1.5vw&#8221; header_3_font_size_tablet=&#8221;2.5vw&#8221; header_3_font_size_phone=&#8221;4vw&#8221; header_3_font_size_last_edited=&#8221;on|phone&#8221; global_colors_info=&#8221;{}&#8221;]<\/p>\n<h3>Foton<\/h3>\n<p>[\/et_pb_text][et_pb_gallery gallery_ids=&#8221;245707,245727,245730,245733,245084,245736&#8243; posts_number=&#8221;6&#8243; show_title_and_caption=&#8221;off&#8221; show_pagination=&#8221;off&#8221; _builder_version=&#8221;4.16&#8243; global_colors_info=&#8221;{}&#8221;][\/et_pb_gallery][\/et_pb_column][\/et_pb_row][\/et_pb_section][et_pb_section fb_built=&#8221;1&#8243; _builder_version=&#8221;4.16&#8243; background_color=&#8221;#d6d6d6&#8243; global_colors_info=&#8221;{}&#8221;][et_pb_row column_structure=&#8221;1_3,2_3&#8243; use_custom_gutter=&#8221;on&#8221; gutter_width=&#8221;1&#8243; make_equal=&#8221;on&#8221; _builder_version=&#8221;4.16&#8243; width=&#8221;100%&#8221; max_width=&#8221;85%&#8221; global_colors_info=&#8221;{}&#8221;][et_pb_column type=&#8221;1_3&#8243; _builder_version=&#8221;4.16&#8243; global_colors_info=&#8221;{}&#8221;][\/et_pb_column][et_pb_column type=&#8221;2_3&#8243; _builder_version=&#8221;4.16&#8243; global_colors_info=&#8221;{}&#8221;][et_pb_blurb use_icon=&#8221;on&#8221; font_icon=&#8221;&#xe076;||divi||400&#8243; icon_color=&#8221;#ffffff&#8221; icon_placement=&#8221;left&#8221; content_max_width=&#8221;100%&#8221; _builder_version=&#8221;4.16&#8243; header_font_size=&#8221;1.1vw&#8221; header_font_size_tablet=&#8221;2vw&#8221; header_font_size_phone=&#8221;2.9vw&#8221; header_font_size_last_edited=&#8221;on|phone&#8221; locked=&#8221;off&#8221; global_colors_info=&#8221;{}&#8221;]<\/p>\n<h4>F\u00f6r mer information eller bokningar skriv ett e-postmeddelande till\u00a0<span style=\"text-decoration: underline;\"><a href=\"mailto:elsuecoandaluz@fincasolmark.com\" target=\"_blank\" rel=\"noopener noreferrer\">elsuecoandaluz@fincasolmark.com<\/a><\/span><\/h4>\n<p>[\/et_pb_blurb][\/et_pb_column][\/et_pb_row][\/et_pb_section]<\/p>\n","protected":false},"excerpt":{"rendered":"<p>GUIDAD TUR P\u00c5 FINCA SOLMARK ETT OMR\u00c5DE I M\u00c1LAGA MED EKOLOGISKA AVOKADOS OCH OLIVOLJA. CARRATRACA, M\u00c1LAGA, ESPA\u00d1A2 TIMMARUPP TILL 30 PERSONERSVENSKA, ENGELSKA OCH SPANSKAVAD G\u00d6R MAN?Kom och bes\u00f6k Finca Solmark och njut av en annorlunda dag. Finca Solmark \u00e4r ett naturobservatorium med ekologiskt jordbruk i Carratraca, bara 30 minuter fr\u00e5n M\u00e1laga i Spanien. G\u00e5rdens \u00e4gare, [&hellip;]<\/p>\n","protected":false},"author":1,"featured_media":0,"parent":0,"menu_order":0,"comment_status":"closed","ping_status":"closed","template":"","meta":{"_et_pb_use_builder":"on","_et_pb_old_content":"","_et_gb_content_width":"","footnotes":""},"class_list":["post-245757","page","type-page","status-publish","hentry"],"_links":{"self":[{"href":"https:\/\/stage.fincasolmark.com\/sv\/wp-json\/wp\/v2\/pages\/245757","targetHints":{"allow":["GET"]}}],"collection":[{"href":"https:\/\/stage.fincasolmark.com\/sv\/wp-json\/wp\/v2\/pages"}],"about":[{"href":"https:\/\/stage.fincasolmark.com\/sv\/wp-json\/wp\/v2\/types\/page"}],"author":[{"embeddable":true,"href":"https:\/\/stage.fincasolmark.com\/sv\/wp-json\/wp\/v2\/users\/1"}],"replies":[{"embeddable":true,"href":"https:\/\/stage.fincasolmark.com\/sv\/wp-json\/wp\/v2\/comments?post=245757"}],"version-history":[{"count":2,"href":"https:\/\/stage.fincasolmark.com\/sv\/wp-json\/wp\/v2\/pages\/245757\/revisions"}],"predecessor-version":[{"id":300814,"href":"https:\/\/stage.fincasolmark.com\/sv\/wp-json\/wp\/v2\/pages\/245757\/revisions\/300814"}],"wp:attachment":[{"href":"https:\/\/stage.fincasolmark.com\/sv\/wp-json\/wp\/v2\/media?parent=245757"}],"curies":[{"name":"wp","href":"https:\/\/api.w.org\/{rel}","templated":true}]}}